{"id":335,"date":"2020-12-21T13:37:40","date_gmt":"2020-12-21T18:37:40","guid":{"rendered":"https:\/\/centredesartsdestanstead.com\/events\/"},"modified":"2021-01-19T10:51:47","modified_gmt":"2021-01-19T15:51:47","slug":"evenements","status":"publish","type":"page","link":"https:\/\/centredesartsdestanstead.com\/fr\/evenements\/","title":{"rendered":"\u00c9v\u00e9nements"},"content":{"rendered":"[vc_row type=\u00a0\u00bbfull_width_background\u00a0\u00bb full_screen_row_position=\u00a0\u00bbmiddle\u00a0\u00bb column_margin=\u00a0\u00bbdefault\u00a0\u00bb column_direction=\u00a0\u00bbdefault\u00a0\u00bb column_direction_tablet=\u00a0\u00bbdefault\u00a0\u00bb column_direction_phone=\u00a0\u00bbdefault\u00a0\u00bb bg_image=\u00a0\u00bb38&Prime; bg_position=\u00a0\u00bbleft top\u00a0\u00bb bg_repeat=\u00a0\u00bbno-repeat\u00a0\u00bb scene_position=\u00a0\u00bbcenter\u00a0\u00bb top_padding=\u00a0\u00bb160&Prime; text_color=\u00a0\u00bbdark\u00a0\u00bb text_align=\u00a0\u00bbleft\u00a0\u00bb row_border_radius=\u00a0\u00bbnone\u00a0\u00bb row_border_radius_applies=\u00a0\u00bbbg\u00a0\u00bb class=\u00a0\u00bbpagetitle__wrap pagetitle&#8211;events\u00a0\u00bb overlay_strength=\u00a0\u00bb0.3&Prime; gradient_direction=\u00a0\u00bbleft_to_right\u00a0\u00bb shape_divider_position=\u00a0\u00bbbottom\u00a0\u00bb bg_image_animation=\u00a0\u00bbnone\u00a0\u00bb shape_type=\u00a0\u00bb\u00a0\u00bb][vc_column column_padding=\u00a0\u00bbno-extra-padding\u00a0\u00bb column_padding_tablet=\u00a0\u00bbinherit\u00a0\u00bb column_padding_phone=\u00a0\u00bbinherit\u00a0\u00bb column_padding_position=\u00a0\u00bball\u00a0\u00bb background_color_opacity=\u00a0\u00bb1&Prime; background_hover_color_opacity=\u00a0\u00bb1&Prime; column_shadow=\u00a0\u00bbnone\u00a0\u00bb column_border_radius=\u00a0\u00bbnone\u00a0\u00bb column_link_target=\u00a0\u00bb_self\u00a0\u00bb gradient_direction=\u00a0\u00bbleft_to_right\u00a0\u00bb overlay_strength=\u00a0\u00bb0.3&Prime; width=\u00a0\u00bb1\/1&Prime; tablet_width_inherit=\u00a0\u00bbdefault\u00a0\u00bb tablet_text_alignment=\u00a0\u00bbdefault\u00a0\u00bb phone_text_alignment=\u00a0\u00bbdefault\u00a0\u00bb column_border_width=\u00a0\u00bbnone\u00a0\u00bb column_border_style=\u00a0\u00bbsolid\u00a0\u00bb bg_image_animation=\u00a0\u00bbnone\u00a0\u00bb][vc_column_text]\n<h1>\u00c9v\u00e9nements<\/h1>\n[\/vc_column_text][image_with_animation image_url=\u00a0\u00bb119&Prime; animation=\u00a0\u00bbFade In\u00a0\u00bb hover_animation=\u00a0\u00bbnone\u00a0\u00bb alignment=\u00a0\u00bb\u00a0\u00bb border_radius=\u00a0\u00bbnone\u00a0\u00bb box_shadow=\u00a0\u00bbnone\u00a0\u00bb image_loading=\u00a0\u00bbdefault\u00a0\u00bb max_width=\u00a0\u00bb100%\u00a0\u00bb max_width_mobile=\u00a0\u00bbdefault\u00a0\u00bb][\/vc_column][\/vc_row][vc_row type=\u00a0\u00bbfull_width_background\u00a0\u00bb full_screen_row_position=\u00a0\u00bbmiddle\u00a0\u00bb column_margin=\u00a0\u00bbdefault\u00a0\u00bb column_direction=\u00a0\u00bbdefault\u00a0\u00bb column_direction_tablet=\u00a0\u00bbdefault\u00a0\u00bb column_direction_phone=\u00a0\u00bbdefault\u00a0\u00bb scene_position=\u00a0\u00bbcenter\u00a0\u00bb top_padding=\u00a0\u00bb160&Prime; bottom_padding=\u00a0\u00bb60&Prime; text_color=\u00a0\u00bbdark\u00a0\u00bb text_align=\u00a0\u00bbleft\u00a0\u00bb row_border_radius=\u00a0\u00bbnone\u00a0\u00bb row_border_radius_applies=\u00a0\u00bbbg\u00a0\u00bb overlay_strength=\u00a0\u00bb0.3&Prime; gradient_direction=\u00a0\u00bbleft_to_right\u00a0\u00bb shape_divider_position=\u00a0\u00bbbottom\u00a0\u00bb bg_image_animation=\u00a0\u00bbnone\u00a0\u00bb shape_type=\u00a0\u00bb\u00a0\u00bb][vc_column column_padding=\u00a0\u00bbno-extra-padding\u00a0\u00bb column_padding_tablet=\u00a0\u00bbinherit\u00a0\u00bb column_padding_phone=\u00a0\u00bbinherit\u00a0\u00bb column_padding_position=\u00a0\u00bball\u00a0\u00bb background_color_opacity=\u00a0\u00bb1&Prime; background_hover_color_opacity=\u00a0\u00bb1&Prime; column_shadow=\u00a0\u00bbnone\u00a0\u00bb column_border_radius=\u00a0\u00bbnone\u00a0\u00bb column_link_target=\u00a0\u00bb_self\u00a0\u00bb gradient_direction=\u00a0\u00bbleft_to_right\u00a0\u00bb overlay_strength=\u00a0\u00bb0.3&Prime; width=\u00a0\u00bb1\/1&Prime; tablet_width_inherit=\u00a0\u00bbdefault\u00a0\u00bb tablet_text_alignment=\u00a0\u00bbdefault\u00a0\u00bb phone_text_alignment=\u00a0\u00bbdefault\u00a0\u00bb column_border_width=\u00a0\u00bbnone\u00a0\u00bb column_border_style=\u00a0\u00bbsolid\u00a0\u00bb bg_image_animation=\u00a0\u00bbnone\u00a0\u00bb][vc_column_text]\n\t\t<div class=\"event__card--single\">\n\t\t\t<div class=\"event__title--wrap\">\n\t\t\t\t<div class=\"event__title\">\n\t\t\t\t\tLANCEMENT DE LIVRE\t\t\t\t<\/div>\n\t\t\t\t<div class=\"event__date\">\n\t\t\t\t\t22 mai, 2026\t\t\t\t<\/div>\n\t\t\t\t\n\t\t\t<\/div>\n\n\t\t\t\t<div class=\"wpb_row vc_row-fluid vc_row\">\n\t\t\t\t\t<div class=\"col vc_col-md-6 event__c-image\" style=\"margin-right: 0;\">\n\t\t\t\t\t\t\t\t\t\t\t\t\t<img decoding=\"async\" src=\"https:\/\/centredesartsdestanstead.com\/wp-content\/uploads\/2026\/04\/Screenshot-2026-04-08-at-3.05.17-PM.png\" alt=\"LANCEMENT DE LIVRE\" \/>\n\t\t\t\t\t\t\t\t\t\t\t\t\t\t\t\t\t<\/div>\n\t\t\t\t\t<div class=\"col vc_col-md-6\">\n\t\t\t\t\t\t<div class=\"event__content\">\n\t\t\t\t\t\t\t\t\t\t\t\t\t   \t\t\t\t\t\t\t\t<p>Place | HASKELL FREE LIBRARY<\/p>\n\t\t\t\t\t\t\t\n\t\t\t\t\t\t\t\t\t\t\t\t\t\t\t<p>1 CHURCH STREET<\/p>\n\t\t\t\t\t\t\t\n\t\t\t\t\t\t\t\t\t\t\t\t\t\t\t<p><p class=\"cvGsUA direction-ltr align-justify para-style-body\"><span class=\"a_GcMg font-feature-liga-off font-feature-clig-off font-feature-calt-off text-decoration-none text-strikethrough-none\">Affair with China <\/span><span class=\"a_GcMg font-feature-liga-off font-feature-clig-off font-feature-calt-off text-decoration-none text-strikethrough-none\">par Gabriel Safdie<\/span><\/p>\r\n<p class=\"cvGsUA direction-ltr align-justify para-style-body\">&nbsp;<\/p>\r\n<p class=\"cvGsUA direction-ltr align-start para-style-body\"><span class=\"a_GcMg font-feature-liga-off font-feature-clig-off font-feature-calt-off text-decoration-none text-strikethrough-none\">Un voyage saisissant \u00e0 travers quatre d\u00e9cennies de transformation, Affair with China allie photographie et r\u00e9cit personnel pour capter la beaut\u00e9, la complexit\u00e9 et les contradictions d\u2019un pays en pleine \u00e9volution.<\/span><\/p>\r\n<p class=\"cvGsUA direction-ltr align-start para-style-body\">&nbsp;<\/p>\r\n<p class=\"cvGsUA direction-ltr align-justify para-style-body\"><span class=\"a_GcMg font-feature-liga-off font-feature-clig-off font-feature-calt-off text-decoration-none text-strikethrough-none\">Joignez-vous \u00e0 nous pour un lancement de livre exceptionnel et une rencontre avec Gabriel Safdie.<\/span><\/p>\r\n<p class=\"cvGsUA direction-ltr align-justify para-style-body\">&nbsp;<\/p>\r\n<p class=\"cvGsUA direction-ltr align-justify para-style-body\"><span class=\"a_GcMg font-feature-liga-off font-feature-clig-off font-feature-calt-off text-decoration-none text-strikethrough-none\">vendredi 22 mai | 13h -16h<\/span><\/p>\r\n<p class=\"cvGsUA direction-ltr align-justify para-style-body\">&nbsp;<\/p>\r\n<p class=\"cvGsUA direction-ltr align-justify para-style-body\"><span class=\"a_GcMg font-feature-liga-off font-feature-clig-off font-feature-calt-off text-decoration-none text-strikethrough-none\">Biblioth\u00e8que et Salle d\u2019Op\u00e9ra Haskell<\/span><\/p>\r\n<p class=\"cvGsUA direction-ltr align-justify para-style-body\">&nbsp;<\/p>\r\n<p class=\"cvGsUA direction-ltr align-justify para-style-body\">&nbsp;<\/p>\r\n<p class=\"cvGsUA direction-ltr align-justify para-style-body\"><span class=\"a_GcMg font-feature-liga-off font-feature-clig-off font-feature-calt-off text-decoration-none text-strikethrough-none\">En anglais<\/span><\/p>\r\n<p class=\"cvGsUA direction-ltr align-justify para-style-body\">&nbsp;<\/p><\/p>\n\t\t\t\t\t\t\t\t\t\t\t\t\t<\/div>\n\t\t\t\t\t<\/div>\n\t\t\t\t<\/div>\n\n\n\t\t<\/div>\n\n\t\n\n\n\t\t\n\t\t\n\t\t<div class=\"event__card--single\">\n\t\t\t<div class=\"event__title--wrap\">\n\t\t\t\t<div class=\"event__title\">\n\t\t\t\t\tShakespeare in the Park-  The winters tale\t\t\t\t<\/div>\n\t\t\t\t<div class=\"event__date\">\n\t\t\t\t\t1 ao\u00fbt, 2026\t\t\t\t<\/div>\n\t\t\t\t\n\t\t\t<\/div>\n\n\t\t\t\t<div class=\"wpb_row vc_row-fluid vc_row\">\n\t\t\t\t\t<div class=\"col vc_col-md-6 event__c-image\" style=\"margin-right: 0;\">\n\t\t\t\t\t\t\t\t\t\t\t\t\t<img decoding=\"async\" src=\"https:\/\/centredesartsdestanstead.com\/wp-content\/uploads\/2026\/04\/Screenshot-2026-04-02-at-12.51.03-PM.png\" alt=\"Shakespeare in the Park-  The winters tale\" \/>\n\t\t\t\t\t\t\t\t\t\t\t\t\t\t\t\t\t<\/div>\n\t\t\t\t\t<div class=\"col vc_col-md-6\">\n\t\t\t\t\t\t<div class=\"event__content\">\n\t\t\t\t\t\t\t\t\t\t\t\t\t   \t<p>Price | -3<\/p>\n\t\t\t\t\t\t   \t\t\t\t\t\t\t   \t\t\t\t\t\t\t\t<p>Place | Stone Circle Park - Stanstead<\/p>\n\t\t\t\t\t\t\t\n\t\t\t\t\t\t\t\t\t\t\t\t\t\t\t<p>Boulevard Notre-Dame, Stanstead<\/p>\n\t\t\t\t\t\t\t\n\t\t\t\t\t\t\t\t\t\t\t\t\t\t\t<p><p class=\"mcePastedContent\">Vivez la magie du th\u00e9\u00e2tre en plein air avec&nbsp;<strong>Shakespeare dans le parc<\/strong>, pr\u00e9sent\u00e9 par Repercussion Theatre ! Cet \u00e9t\u00e9, d\u00e9couvrez une production captivante de&nbsp;<em>T<strong>he Winter\u2019s Tale<\/strong><\/em>&nbsp;\u2014 une histoire intemporelle d\u2019amour, de jalousie et de r\u00e9demption, port\u00e9e \u00e0 la sc\u00e8ne avec l\u2019\u00e9nergie et la cr\u00e9ativit\u00e9 caract\u00e9ristiques de la troupe.<\/p>\r\n<p class=\"mcePastedContent last-child\">Joignez-vous \u00e0 nous&nbsp;<strong>le 1er ao\u00fbt<\/strong>&nbsp;au magnifique Stone Circle Park \u00e0 Stanstead, Qu\u00e9bec, pour une soir\u00e9e inoubliable de th\u00e9\u00e2tre de calibre international dans un cadre ext\u00e9rieur exceptionnel. Apportez vos amis, votre famille et une couverture, et laissez Shakespeare vous envo\u00fbter sous le ciel d\u2019\u00e9t\u00e9.<\/p><\/p>\n\t\t\t\t\t\t\t\t\t\t\t\t\t<\/div>\n\t\t\t\t\t<\/div>\n\t\t\t\t<\/div>\n\n\n\t\t<\/div>\n\n\t\n\n\n\t\t\n\t\t\n\t\t<div class=\"event__card--single\">\n\t\t\t<div class=\"event__title--wrap\">\n\t\t\t\t<div class=\"event__title\">\n\t\t\t\t\tONE OF THESE NIGHTS- HOMMAGE AUX EAGLES\t\t\t\t<\/div>\n\t\t\t\t<div class=\"event__date\">\n\t\t\t\t\t12 septembre, 2026\t\t\t\t<\/div>\n\t\t\t\t\n\t\t\t<\/div>\n\n\t\t\t\t<div class=\"wpb_row vc_row-fluid vc_row\">\n\t\t\t\t\t<div class=\"col vc_col-md-6 event__c-image\" style=\"margin-right: 0;\">\n\t\t\t\t\t\t\t\t\t\t\t\t\t<img decoding=\"async\" src=\"https:\/\/centredesartsdestanstead.com\/wp-content\/uploads\/2026\/03\/eagles_poster_PS.jpg\" alt=\"ONE OF THESE NIGHTS- HOMMAGE AUX EAGLES\" \/>\n\t\t\t\t\t\t\t\t\t\t\t\t\t\t\t\t\t<\/div>\n\t\t\t\t\t<div class=\"col vc_col-md-6\">\n\t\t\t\t\t\t<div class=\"event__content\">\n\t\t\t\t\t\t\t\t\t\t\t\t\t   \t<p>Price | 20<\/p>\n\t\t\t\t\t\t   \t\t\t\t\t\t\t   \t\t\t\t\t\t\t\t<p>Place | HASKELL OPERA HOUSE<\/p>\n\t\t\t\t\t\t\t\n\t\t\t\t\t\t\t\t\t\t\t\t\t\t\t<p>1 RUE CHURCH, Stanstead, QC<\/p>\n\t\t\t\t\t\t\t\n\t\t\t\t\t\t\t\t\t\t\t\t\t\t\t<p><strong>One Of These Night<\/strong>s est un groupe hommage de premier plan aux <strong>Eagles,<\/strong> reconnu pour sa capacit\u00e9 \u00e0 recr\u00e9er fid\u00e8lement le son l\u00e9gendaire, les harmonies riches et l\u2019\u00e9nergie inimitable de l\u2019un des groupes de rock les plus embl\u00e9matiques d\u2019Am\u00e9rique. Avec des interpr\u00e9tations note pour note de classiques intemporels tels que \u00ab Hotel California \u00bb, \u00ab Take It Easy \u00bb, \u00ab Lyin\u2019 Eyes \u00bb et \u00ab Desperado \u00bb, le groupe offre une exp\u00e9rience sc\u00e9nique immersive et authentique.\r\n\r\nPr\u00e9sent\u00e9 par le<strong> Centre des arts de Stanstead<\/strong>, ce concert aura lieu au historique <strong>salle d'opera Haskell,<\/strong> offrant un cadre unique et m\u00e9morable.\r\n\r\nPort\u00e9 par une grande pr\u00e9cision musicale et des harmonies vocales remarquables, <strong>One Of These Nights<\/strong> transporte le public dans un v\u00e9ritable voyage nostalgique \u00e0 travers les plus grands succ\u00e8s des <strong>Eagles<\/strong>, ainsi que des pi\u00e8ces marquantes issues de leurs carri\u00e8res solo, capturant toute l\u2019essence du country-rock classique et la magie de leurs performances l\u00e9gendaires.\r\n\r\n&nbsp;\r\n\r\nBILLETS\r\n\r\n<a href=\"https:\/\/www.zeffy.com\/en-CA\/ticketing\/one-of-these-nights-hommage-aux-eagles\">https:\/\/www.zeffy.com\/en-CA\/ticketing\/one-of-these-nights-hommage-aux-eagles<\/a><\/p>\n\t\t\t\t\t\t\t\t\t\t\t\t\t<\/div>\n\t\t\t\t\t<\/div>\n\t\t\t\t<\/div>\n\n\n\t\t<\/div>\n\n\t\n\n\n\t\t\n\t\t\n\n\t[\/vc_column_text][\/vc_column][\/vc_row][vc_row type=\u00a0\u00bbfull_width_background\u00a0\u00bb full_screen_row_position=\u00a0\u00bbmiddle\u00a0\u00bb column_margin=\u00a0\u00bbdefault\u00a0\u00bb column_direction=\u00a0\u00bbdefault\u00a0\u00bb column_direction_tablet=\u00a0\u00bbdefault\u00a0\u00bb column_direction_phone=\u00a0\u00bbdefault\u00a0\u00bb scene_position=\u00a0\u00bbcenter\u00a0\u00bb bottom_padding=\u00a0\u00bb160&Prime; text_color=\u00a0\u00bbdark\u00a0\u00bb text_align=\u00a0\u00bbcenter\u00a0\u00bb row_border_radius=\u00a0\u00bbnone\u00a0\u00bb row_border_radius_applies=\u00a0\u00bbbg\u00a0\u00bb overlay_strength=\u00a0\u00bb0.3&Prime; gradient_direction=\u00a0\u00bbleft_to_right\u00a0\u00bb shape_divider_position=\u00a0\u00bbbottom\u00a0\u00bb bg_image_animation=\u00a0\u00bbnone\u00a0\u00bb shape_type=\u00a0\u00bb\u00a0\u00bb][vc_column column_padding=\u00a0\u00bbno-extra-padding\u00a0\u00bb column_padding_tablet=\u00a0\u00bbinherit\u00a0\u00bb column_padding_phone=\u00a0\u00bbinherit\u00a0\u00bb column_padding_position=\u00a0\u00bball\u00a0\u00bb background_color_opacity=\u00a0\u00bb1&Prime; background_hover_color_opacity=\u00a0\u00bb1&Prime; column_shadow=\u00a0\u00bbnone\u00a0\u00bb column_border_radius=\u00a0\u00bbnone\u00a0\u00bb column_link_target=\u00a0\u00bb_self\u00a0\u00bb gradient_direction=\u00a0\u00bbleft_to_right\u00a0\u00bb overlay_strength=\u00a0\u00bb0.3&Prime; width=\u00a0\u00bb1\/1&Prime; tablet_width_inherit=\u00a0\u00bbdefault\u00a0\u00bb tablet_text_alignment=\u00a0\u00bbdefault\u00a0\u00bb phone_text_alignment=\u00a0\u00bbdefault\u00a0\u00bb column_border_width=\u00a0\u00bbnone\u00a0\u00bb column_border_style=\u00a0\u00bbsolid\u00a0\u00bb bg_image_animation=\u00a0\u00bbnone\u00a0\u00bb][nectar_btn size=\u00a0\u00bbjumbo\u00a0\u00bb button_style=\u00a0\u00bbregular\u00a0\u00bb button_color_2=\u00a0\u00bbAccent-Color\u00a0\u00bb icon_family=\u00a0\u00bbnone\u00a0\u00bb text=\u00a0\u00bbVoir les archives\u00a0\u00bb url=\u00a0\u00bb\/fr\/archives-evenements\/\u00a0\u00bb][\/vc_column][\/vc_row]\n","protected":false},"excerpt":{"rendered":"<p>[vc_row type=\u00a0\u00bbfull_width_background\u00a0\u00bb full_screen_row_position=\u00a0\u00bbmiddle\u00a0\u00bb column_margin=\u00a0\u00bbdefault\u00a0\u00bb column_direction=\u00a0\u00bbdefault\u00a0\u00bb column_direction_tablet=\u00a0\u00bbdefault\u00a0\u00bb column_direction_phone=\u00a0\u00bbdefault\u00a0\u00bb bg_image=\u00a0\u00bb38&Prime; bg_position=\u00a0\u00bbleft top\u00a0\u00bb bg_repeat=\u00a0\u00bbno-repeat\u00a0\u00bb scene_position=\u00a0\u00bbcenter\u00a0\u00bb top_padding=\u00a0\u00bb160&Prime; text_color=\u00a0\u00bbdark\u00a0\u00bb text_align=\u00a0\u00bbleft\u00a0\u00bb row_border_radius=\u00a0\u00bbnone\u00a0\u00bb row_border_radius_applies=\u00a0\u00bbbg\u00a0\u00bb class=\u00a0\u00bbpagetitle__wrap pagetitle&#8211;events\u00a0\u00bb overlay_strength=\u00a0\u00bb0.3&Prime; gradient_direction=\u00a0\u00bbleft_to_right\u00a0\u00bb shape_divider_position=\u00a0\u00bbbottom\u00a0\u00bb bg_image_animation=\u00a0\u00bbnone\u00a0\u00bb shape_type=\u00a0\u00bb\u00a0\u00bb][vc_column column_padding=\u00a0\u00bbno-extra-padding\u00a0\u00bb column_padding_tablet=\u00a0\u00bbinherit\u00a0\u00bb column_padding_phone=\u00a0\u00bbinherit\u00a0\u00bb column_padding_position=\u00a0\u00bball\u00a0\u00bb background_color_opacity=\u00a0\u00bb1&Prime; background_hover_color_opacity=\u00a0\u00bb1&Prime;&#8230;<\/p>\n","protected":false},"author":1,"featured_media":0,"parent":0,"menu_order":0,"comment_status":"closed","ping_status":"closed","template":"","meta":{"_acf_changed":false,"footnotes":""},"class_list":["post-335","page","type-page","status-publish"],"acf":[],"yoast_head":"<!-- This site is optimized with the Yoast SEO plugin v27.2 - https:\/\/yoast.com\/product\/yoast-seo-wordpress\/ -->\n<title>\u00c9v\u00e9nements - Centre des Arts de Stanstead<\/title>\n<meta name=\"robots\" content=\"index, follow, max-snippet:-1, max-image-preview:large, max-video-preview:-1\" \/>\n<link rel=\"canonical\" href=\"https:\/\/centredesartsdestanstead.com\/fr\/evenements\/\" \/>\n<meta property=\"og:locale\" content=\"fr_CA\" \/>\n<meta property=\"og:type\" content=\"article\" \/>\n<meta property=\"og:title\" content=\"\u00c9v\u00e9nements - Centre des Arts de Stanstead\" \/>\n<meta property=\"og:description\" content=\"[vc_row type=\u00a0\u00bbfull_width_background\u00a0\u00bb full_screen_row_position=\u00a0\u00bbmiddle\u00a0\u00bb column_margin=\u00a0\u00bbdefault\u00a0\u00bb column_direction=\u00a0\u00bbdefault\u00a0\u00bb column_direction_tablet=\u00a0\u00bbdefault\u00a0\u00bb column_direction_phone=\u00a0\u00bbdefault\u00a0\u00bb bg_image=\u00a0\u00bb38&Prime; bg_position=\u00a0\u00bbleft top\u00a0\u00bb bg_repeat=\u00a0\u00bbno-repeat\u00a0\u00bb scene_position=\u00a0\u00bbcenter\u00a0\u00bb top_padding=\u00a0\u00bb160&Prime; text_color=\u00a0\u00bbdark\u00a0\u00bb text_align=\u00a0\u00bbleft\u00a0\u00bb row_border_radius=\u00a0\u00bbnone\u00a0\u00bb row_border_radius_applies=\u00a0\u00bbbg\u00a0\u00bb class=\u00a0\u00bbpagetitle__wrap pagetitle&#8211;events\u00a0\u00bb overlay_strength=\u00a0\u00bb0.3&Prime; gradient_direction=\u00a0\u00bbleft_to_right\u00a0\u00bb shape_divider_position=\u00a0\u00bbbottom\u00a0\u00bb bg_image_animation=\u00a0\u00bbnone\u00a0\u00bb shape_type=\u00a0\u00bb\u00a0\u00bb][vc_column column_padding=\u00a0\u00bbno-extra-padding\u00a0\u00bb column_padding_tablet=\u00a0\u00bbinherit\u00a0\u00bb column_padding_phone=\u00a0\u00bbinherit\u00a0\u00bb column_padding_position=\u00a0\u00bball\u00a0\u00bb background_color_opacity=\u00a0\u00bb1&Prime; background_hover_color_opacity=\u00a0\u00bb1&Prime;...\" \/>\n<meta property=\"og:url\" content=\"https:\/\/centredesartsdestanstead.com\/fr\/evenements\/\" \/>\n<meta property=\"og:site_name\" content=\"Centre des Arts de Stanstead\" \/>\n<meta property=\"article:modified_time\" content=\"2021-01-19T15:51:47+00:00\" \/>\n<meta name=\"twitter:card\" content=\"summary_large_image\" \/>\n<meta name=\"twitter:label1\" content=\"Estimation du temps de lecture\" \/>\n\t<meta name=\"twitter:data1\" content=\"2 minutes\" \/>\n<script type=\"application\/ld+json\" class=\"yoast-schema-graph\">{\"@context\":\"https:\/\/schema.org\",\"@graph\":[{\"@type\":\"WebPage\",\"@id\":\"https:\/\/centredesartsdestanstead.com\/fr\/evenements\/\",\"url\":\"https:\/\/centredesartsdestanstead.com\/fr\/evenements\/\",\"name\":\"\u00c9v\u00e9nements - Centre des Arts de Stanstead\",\"isPartOf\":{\"@id\":\"https:\/\/centredesartsdestanstead.com\/#website\"},\"datePublished\":\"2020-12-21T18:37:40+00:00\",\"dateModified\":\"2021-01-19T15:51:47+00:00\",\"breadcrumb\":{\"@id\":\"https:\/\/centredesartsdestanstead.com\/fr\/evenements\/#breadcrumb\"},\"inLanguage\":\"fr-CA\",\"potentialAction\":[{\"@type\":\"ReadAction\",\"target\":[\"https:\/\/centredesartsdestanstead.com\/fr\/evenements\/\"]}]},{\"@type\":\"BreadcrumbList\",\"@id\":\"https:\/\/centredesartsdestanstead.com\/fr\/evenements\/#breadcrumb\",\"itemListElement\":[{\"@type\":\"ListItem\",\"position\":1,\"name\":\"Home\",\"item\":\"https:\/\/centredesartsdestanstead.com\/fr\/\"},{\"@type\":\"ListItem\",\"position\":2,\"name\":\"\u00c9v\u00e9nements\"}]},{\"@type\":\"WebSite\",\"@id\":\"https:\/\/centredesartsdestanstead.com\/#website\",\"url\":\"https:\/\/centredesartsdestanstead.com\/\",\"name\":\"Centre des Arts de Stanstead\",\"description\":\"\",\"potentialAction\":[{\"@type\":\"SearchAction\",\"target\":{\"@type\":\"EntryPoint\",\"urlTemplate\":\"https:\/\/centredesartsdestanstead.com\/?s={search_term_string}\"},\"query-input\":{\"@type\":\"PropertyValueSpecification\",\"valueRequired\":true,\"valueName\":\"search_term_string\"}}],\"inLanguage\":\"fr-CA\"}]}<\/script>\n<!-- \/ Yoast SEO plugin. -->","yoast_head_json":{"title":"\u00c9v\u00e9nements - Centre des Arts de Stanstead","robots":{"index":"index","follow":"follow","max-snippet":"max-snippet:-1","max-image-preview":"max-image-preview:large","max-video-preview":"max-video-preview:-1"},"canonical":"https:\/\/centredesartsdestanstead.com\/fr\/evenements\/","og_locale":"fr_CA","og_type":"article","og_title":"\u00c9v\u00e9nements - Centre des Arts de Stanstead","og_description":"[vc_row type=\u00a0\u00bbfull_width_background\u00a0\u00bb full_screen_row_position=\u00a0\u00bbmiddle\u00a0\u00bb column_margin=\u00a0\u00bbdefault\u00a0\u00bb column_direction=\u00a0\u00bbdefault\u00a0\u00bb column_direction_tablet=\u00a0\u00bbdefault\u00a0\u00bb column_direction_phone=\u00a0\u00bbdefault\u00a0\u00bb bg_image=\u00a0\u00bb38&Prime; bg_position=\u00a0\u00bbleft top\u00a0\u00bb bg_repeat=\u00a0\u00bbno-repeat\u00a0\u00bb scene_position=\u00a0\u00bbcenter\u00a0\u00bb top_padding=\u00a0\u00bb160&Prime; text_color=\u00a0\u00bbdark\u00a0\u00bb text_align=\u00a0\u00bbleft\u00a0\u00bb row_border_radius=\u00a0\u00bbnone\u00a0\u00bb row_border_radius_applies=\u00a0\u00bbbg\u00a0\u00bb class=\u00a0\u00bbpagetitle__wrap pagetitle&#8211;events\u00a0\u00bb overlay_strength=\u00a0\u00bb0.3&Prime; gradient_direction=\u00a0\u00bbleft_to_right\u00a0\u00bb shape_divider_position=\u00a0\u00bbbottom\u00a0\u00bb bg_image_animation=\u00a0\u00bbnone\u00a0\u00bb shape_type=\u00a0\u00bb\u00a0\u00bb][vc_column column_padding=\u00a0\u00bbno-extra-padding\u00a0\u00bb column_padding_tablet=\u00a0\u00bbinherit\u00a0\u00bb column_padding_phone=\u00a0\u00bbinherit\u00a0\u00bb column_padding_position=\u00a0\u00bball\u00a0\u00bb background_color_opacity=\u00a0\u00bb1&Prime; background_hover_color_opacity=\u00a0\u00bb1&Prime;...","og_url":"https:\/\/centredesartsdestanstead.com\/fr\/evenements\/","og_site_name":"Centre des Arts de Stanstead","article_modified_time":"2021-01-19T15:51:47+00:00","twitter_card":"summary_large_image","twitter_misc":{"Estimation du temps de lecture":"2 minutes"},"schema":{"@context":"https:\/\/schema.org","@graph":[{"@type":"WebPage","@id":"https:\/\/centredesartsdestanstead.com\/fr\/evenements\/","url":"https:\/\/centredesartsdestanstead.com\/fr\/evenements\/","name":"\u00c9v\u00e9nements - Centre des Arts de Stanstead","isPartOf":{"@id":"https:\/\/centredesartsdestanstead.com\/#website"},"datePublished":"2020-12-21T18:37:40+00:00","dateModified":"2021-01-19T15:51:47+00:00","breadcrumb":{"@id":"https:\/\/centredesartsdestanstead.com\/fr\/evenements\/#breadcrumb"},"inLanguage":"fr-CA","potentialAction":[{"@type":"ReadAction","target":["https:\/\/centredesartsdestanstead.com\/fr\/evenements\/"]}]},{"@type":"BreadcrumbList","@id":"https:\/\/centredesartsdestanstead.com\/fr\/evenements\/#breadcrumb","itemListElement":[{"@type":"ListItem","position":1,"name":"Home","item":"https:\/\/centredesartsdestanstead.com\/fr\/"},{"@type":"ListItem","position":2,"name":"\u00c9v\u00e9nements"}]},{"@type":"WebSite","@id":"https:\/\/centredesartsdestanstead.com\/#website","url":"https:\/\/centredesartsdestanstead.com\/","name":"Centre des Arts de Stanstead","description":"","potentialAction":[{"@type":"SearchAction","target":{"@type":"EntryPoint","urlTemplate":"https:\/\/centredesartsdestanstead.com\/?s={search_term_string}"},"query-input":{"@type":"PropertyValueSpecification","valueRequired":true,"valueName":"search_term_string"}}],"inLanguage":"fr-CA"}]}},"_links":{"self":[{"href":"https:\/\/centredesartsdestanstead.com\/fr\/wp-json\/wp\/v2\/pages\/335","targetHints":{"allow":["GET"]}}],"collection":[{"href":"https:\/\/centredesartsdestanstead.com\/fr\/wp-json\/wp\/v2\/pages"}],"about":[{"href":"https:\/\/centredesartsdestanstead.com\/fr\/wp-json\/wp\/v2\/types\/page"}],"author":[{"embeddable":true,"href":"https:\/\/centredesartsdestanstead.com\/fr\/wp-json\/wp\/v2\/users\/1"}],"replies":[{"embeddable":true,"href":"https:\/\/centredesartsdestanstead.com\/fr\/wp-json\/wp\/v2\/comments?post=335"}],"version-history":[{"count":7,"href":"https:\/\/centredesartsdestanstead.com\/fr\/wp-json\/wp\/v2\/pages\/335\/revisions"}],"predecessor-version":[{"id":422,"href":"https:\/\/centredesartsdestanstead.com\/fr\/wp-json\/wp\/v2\/pages\/335\/revisions\/422"}],"wp:attachment":[{"href":"https:\/\/centredesartsdestanstead.com\/fr\/wp-json\/wp\/v2\/media?parent=335"}],"curies":[{"name":"wp","href":"https:\/\/api.w.org\/{rel}","templated":true}]}}