{"id":1429,"date":"2023-09-19T12:54:58","date_gmt":"2023-09-19T16:54:58","guid":{"rendered":"https:\/\/centredesartsdestanstead.com\/?page_id=1429"},"modified":"2023-09-19T12:54:58","modified_gmt":"2023-09-19T16:54:58","slug":"politique-de-confidentialite","status":"publish","type":"page","link":"https:\/\/centredesartsdestanstead.com\/fr\/politique-de-confidentialite\/","title":{"rendered":"Politique de confidentialit\u00e9"},"content":{"rendered":"<h1>Politique de confidentialit\u00e9 du Centre des arts de Stanstead<\/h1>\n<p>La pr\u00e9sente Politique de confidentialit\u00e9 d\u00e9crit la fa\u00e7on dont vos informations personnelles sont recueillies, utilis\u00e9es et partag\u00e9es lorsque vous vous rendez sur https:\/\/centredesartsdestanstead.com (le \u00ab Site \u00bb).<\/p>\n<p><strong>INFORMATIONS PERSONNELLES RECUEILLIES<\/strong><br \/>\nLorsque vous vous rendez sur le Site, nous recueillons automatiquement certaines informations concernant votre appareil, notamment des informations sur votre navigateur web, votre adresse IP, votre fuseau horaire et certains des cookies qui sont install\u00e9s sur votre appareil. En outre, lorsque vous parcourez le Site, nous recueillons des informations sur les pages web ou produits individuels que vous consultez, les sites web ou les termes de recherche qui vous ont permis d&rsquo;arriver sur le Site, ainsi que des informations sur la mani\u00e8re dont vous interagissez avec le Site. Nous d\u00e9signons ces informations collect\u00e9es automatiquement sous l&rsquo;appellation \u00ab Informations sur l&rsquo;appareil \u00bb.<\/p>\n<p>Nous recueillons les Informations sur l&rsquo;appareil \u00e0 l&rsquo;aide des technologies suivantes :<\/p>\n<p><strong>FICHIERS T\u00c9MOINS (COOKIES)<\/strong><br \/>\nLes t\u00e9moins utilis\u00e9s sur ce site sont \u00e9num\u00e9r\u00e9s dans cette section. \u00c9galement, nous r\u00e9coltons des informations via les outils suivants :<\/p>\n<p>&#8211; Google Analytics, qui est un cookie de performance utilis\u00e9 pour suivre les visites sur notre site web et le comportement des utilisateurs sur le site. Les donn\u00e9es collect\u00e9es sont anonymes et sont utilis\u00e9es \u00e0 des fins d&rsquo;analyse comparative pour contr\u00f4ler la performance de notre site et mesurer l&rsquo;engagement des utilisateurs sur notre site.<\/p>\n<p>&#8211; Les \u00ab fichiers journaux \u00bb suivent l&rsquo;activit\u00e9 du Site et recueillent des donn\u00e9es telles que votre adresse IP, le type de navigateur que vous utilisez, votre fournisseur d&rsquo;acc\u00e8s Internet, vos pages r\u00e9f\u00e9rentes et de sortie, et vos donn\u00e9es d&rsquo;horodatage (date et heure).<\/p>\n<p>&#8211; Les \u00ab pixels invisibles \u00bb, les \u00ab balises \u00bb et les \u00ab pixels \u00bb sont des fichiers \u00e9lectroniques qui enregistrent des informations sur la fa\u00e7on dont vous parcourez le Site.<\/p>\n<p><strong>COMMENT UTILISONS-NOUS VOS INFORMATIONS PERSONNELLES ?<\/strong><br \/>\nNous utilisons les Informations sur l&rsquo;appareil (en particulier votre adresse IP) que nous recueillons pour \u00e9valuer les fraudes ou risques potentiels et, de mani\u00e8re plus g\u00e9n\u00e9rale, pour am\u00e9liorer et optimiser notre Site (par exemple, en g\u00e9n\u00e9rant des analyses sur la fa\u00e7on dont nos clients parcourent et interagissent avec le Site, et pour \u00e9valuer la r\u00e9ussite de nos campagnes de publicit\u00e9 et de marketing).<\/p>\n<p>Nous partageons vos informations personnelles avec des tiers qui nous aident \u00e0 les utiliser aux fins d\u00e9crites pr\u00e9c\u00e9demment. Par exemple, nous utilisons Google Analytics pour mieux comprendre comment nos clients utilisent le Site \u2013 pour en savoir plus sur l&rsquo;utilisation de vos Informations personnelles par Google, veuillez consulter la page suivante : https:\/\/www.google.com\/intl\/fr\/policies\/privacy\/. Vous pouvez aussi d\u00e9sactiver Google Analytics ici : https:\/\/tools.google.com\/dlpage\/gaoptout.<\/p>\n<p>Enfin, il se peut que nous partagions aussi vos informations personnelles pour respecter les lois et r\u00e9glementations applicables, r\u00e9pondre \u00e0 une assignation, \u00e0 un mandat de perquisition ou \u00e0 toute autre demande l\u00e9gale de renseignements que nous recevons, ou pour prot\u00e9ger nos droits.<\/p>\n<p><strong>NE PAS SUIVRE<\/strong><br \/>\nVeuillez noter que nous ne modifions pas la collecte de donn\u00e9es de notre Site et nos pratiques d&rsquo;utilisation lorsque nous d\u00e9tectons un signal \u00ab Ne pas suivre \u00bb sur votre navigateur.<\/p>\n<p><strong>CHANGEMENTS<\/strong><br \/>\nNous pouvons \u00eatre amen\u00e9s \u00e0 modifier la pr\u00e9sente politique de confidentialit\u00e9 de temps \u00e0 autre afin d&rsquo;y refl\u00e9ter, par exemple, les changements apport\u00e9s \u00e0 nos pratiques ou pour d&rsquo;autres motifs op\u00e9rationnels, juridiques ou r\u00e9glementaires.<\/p>\n<p><strong>VOS DROITS<\/strong><br \/>\nVous avez le droit de demander l\u2019effacement des renseignements personnels que nous d\u00e9tenons sur vous. Pour ce faire, veuillez nous contacter \u00e0 l&rsquo;adresse mentionn\u00e9e ci-dessous.<\/p>\n<p><b>PUBLICIT\u00c9 COMPORTEMENTALE<\/b><\/p>\n<p><span style=\"font-weight: 400;\">Comme indiqu\u00e9 ci-dessus, nous utilisons vos Informations personnelles pour vous proposer des publicit\u00e9s cibl\u00e9es ou des messages de marketing qui, selon nous, pourraient vous int\u00e9resser.\u00a0 Pour en savoir plus sur le fonctionnement de la publicit\u00e9 cibl\u00e9e, vous pouvez consulter la page d&rsquo;information de la Network Advertising Initiative (NAI) \u00e0 l&rsquo;adresse suivante : http:\/\/www.networkadvertising.org\/understanding-online-advertising\/how-does-it-work.<\/span><\/p>\n<p><span style=\"font-weight: 400;\">Vous pouvez refuser la publicit\u00e9 cibl\u00e9e ici :<\/span><\/p>\n<p><span style=\"font-weight: 400;\">\u00a0\u00a0\u00a0\u00a0FACEBOOK \u2013 https:\/\/www.facebook.com\/settings\/?tab=ads<\/span><\/p>\n<p><span style=\"font-weight: 400;\">\u00a0\u00a0\u00a0\u00a0GOOGLE \u2013 https:\/\/www.google.com\/settings\/ads\/anonymous<\/span><\/p>\n<p><span style=\"font-weight: 400;\">\u00a0\u00a0\u00a0\u00a0BING \u2013 https:\/\/about.ads.microsoft.com\/fr-fr\/ressources\/politiques\/annonces-personnalisees<\/span><\/p>\n<p><span style=\"font-weight: 400;\">En outre, vous pouvez refuser certains de ces services en vous rendant sur le portail de d\u00e9sactivation de Digital Advertising Alliance \u00e0 l&rsquo;adresse suivante : https:\/\/optout.aboutads.info\/?c=3&amp;lang=fr.<\/span><\/p>\n<p><strong>NOUS CONTACTER<\/strong><br \/>\nPour en savoir plus sur nos pratiques de confidentialit\u00e9, si vous avez des questions ou si vous souhaitez d\u00e9poser une r\u00e9clamation, veuillez contacter le responsable de la protection des renseignements personnels par e-mail \u00e0 privacy@centredesartsdestanstead.com<\/p>\n<hr \/>\n<p>Date de derni\u00e8re modification de la politique de confidentialit\u00e9: 19 septembre 2023<\/p>\n","protected":false},"excerpt":{"rendered":"<p>Politique de confidentialit\u00e9 du Centre des arts de Stanstead La pr\u00e9sente Politique de confidentialit\u00e9 d\u00e9crit la fa\u00e7on dont vos informations personnelles sont recueillies, utilis\u00e9es et partag\u00e9es lorsque vous vous rendez&#8230;<\/p>\n","protected":false},"author":1,"featured_media":0,"parent":0,"menu_order":0,"comment_status":"closed","ping_status":"closed","template":"","meta":{"_acf_changed":false,"footnotes":""},"class_list":["post-1429","page","type-page","status-publish"],"acf":[],"yoast_head":"<!-- This site is optimized with the Yoast SEO plugin v27.2 - https:\/\/yoast.com\/product\/yoast-seo-wordpress\/ -->\n<title>Politique de confidentialit\u00e9 - Centre des Arts de Stanstead<\/title>\n<meta name=\"robots\" content=\"index, follow, max-snippet:-1, max-image-preview:large, max-video-preview:-1\" \/>\n<link rel=\"canonical\" href=\"https:\/\/centredesartsdestanstead.com\/fr\/politique-de-confidentialite\/\" \/>\n<meta property=\"og:locale\" content=\"fr_CA\" \/>\n<meta property=\"og:type\" content=\"article\" \/>\n<meta property=\"og:title\" content=\"Politique de confidentialit\u00e9 - Centre des Arts de Stanstead\" \/>\n<meta property=\"og:description\" content=\"Politique de confidentialit\u00e9 du Centre des arts de Stanstead La pr\u00e9sente Politique de confidentialit\u00e9 d\u00e9crit la fa\u00e7on dont vos informations personnelles sont recueillies, utilis\u00e9es et partag\u00e9es lorsque vous vous rendez...\" \/>\n<meta property=\"og:url\" content=\"https:\/\/centredesartsdestanstead.com\/fr\/politique-de-confidentialite\/\" \/>\n<meta property=\"og:site_name\" content=\"Centre des Arts de Stanstead\" \/>\n<meta name=\"twitter:card\" content=\"summary_large_image\" \/>\n<script type=\"application\/ld+json\" class=\"yoast-schema-graph\">{\"@context\":\"https:\/\/schema.org\",\"@graph\":[{\"@type\":\"WebPage\",\"@id\":\"https:\/\/centredesartsdestanstead.com\/fr\/politique-de-confidentialite\/\",\"url\":\"https:\/\/centredesartsdestanstead.com\/fr\/politique-de-confidentialite\/\",\"name\":\"Politique de confidentialit\u00e9 - Centre des Arts de Stanstead\",\"isPartOf\":{\"@id\":\"https:\/\/centredesartsdestanstead.com\/#website\"},\"datePublished\":\"2023-09-19T16:54:58+00:00\",\"breadcrumb\":{\"@id\":\"https:\/\/centredesartsdestanstead.com\/fr\/politique-de-confidentialite\/#breadcrumb\"},\"inLanguage\":\"fr-CA\",\"potentialAction\":[{\"@type\":\"ReadAction\",\"target\":[\"https:\/\/centredesartsdestanstead.com\/fr\/politique-de-confidentialite\/\"]}]},{\"@type\":\"BreadcrumbList\",\"@id\":\"https:\/\/centredesartsdestanstead.com\/fr\/politique-de-confidentialite\/#breadcrumb\",\"itemListElement\":[{\"@type\":\"ListItem\",\"position\":1,\"name\":\"Home\",\"item\":\"https:\/\/centredesartsdestanstead.com\/fr\/\"},{\"@type\":\"ListItem\",\"position\":2,\"name\":\"Politique de confidentialit\u00e9\"}]},{\"@type\":\"WebSite\",\"@id\":\"https:\/\/centredesartsdestanstead.com\/#website\",\"url\":\"https:\/\/centredesartsdestanstead.com\/\",\"name\":\"Centre des Arts de Stanstead\",\"description\":\"\",\"potentialAction\":[{\"@type\":\"SearchAction\",\"target\":{\"@type\":\"EntryPoint\",\"urlTemplate\":\"https:\/\/centredesartsdestanstead.com\/?s={search_term_string}\"},\"query-input\":{\"@type\":\"PropertyValueSpecification\",\"valueRequired\":true,\"valueName\":\"search_term_string\"}}],\"inLanguage\":\"fr-CA\"}]}<\/script>\n<!-- \/ Yoast SEO plugin. -->","yoast_head_json":{"title":"Politique de confidentialit\u00e9 - Centre des Arts de Stanstead","robots":{"index":"index","follow":"follow","max-snippet":"max-snippet:-1","max-image-preview":"max-image-preview:large","max-video-preview":"max-video-preview:-1"},"canonical":"https:\/\/centredesartsdestanstead.com\/fr\/politique-de-confidentialite\/","og_locale":"fr_CA","og_type":"article","og_title":"Politique de confidentialit\u00e9 - Centre des Arts de Stanstead","og_description":"Politique de confidentialit\u00e9 du Centre des arts de Stanstead La pr\u00e9sente Politique de confidentialit\u00e9 d\u00e9crit la fa\u00e7on dont vos informations personnelles sont recueillies, utilis\u00e9es et partag\u00e9es lorsque vous vous rendez...","og_url":"https:\/\/centredesartsdestanstead.com\/fr\/politique-de-confidentialite\/","og_site_name":"Centre des Arts de Stanstead","twitter_card":"summary_large_image","schema":{"@context":"https:\/\/schema.org","@graph":[{"@type":"WebPage","@id":"https:\/\/centredesartsdestanstead.com\/fr\/politique-de-confidentialite\/","url":"https:\/\/centredesartsdestanstead.com\/fr\/politique-de-confidentialite\/","name":"Politique de confidentialit\u00e9 - Centre des Arts de Stanstead","isPartOf":{"@id":"https:\/\/centredesartsdestanstead.com\/#website"},"datePublished":"2023-09-19T16:54:58+00:00","breadcrumb":{"@id":"https:\/\/centredesartsdestanstead.com\/fr\/politique-de-confidentialite\/#breadcrumb"},"inLanguage":"fr-CA","potentialAction":[{"@type":"ReadAction","target":["https:\/\/centredesartsdestanstead.com\/fr\/politique-de-confidentialite\/"]}]},{"@type":"BreadcrumbList","@id":"https:\/\/centredesartsdestanstead.com\/fr\/politique-de-confidentialite\/#breadcrumb","itemListElement":[{"@type":"ListItem","position":1,"name":"Home","item":"https:\/\/centredesartsdestanstead.com\/fr\/"},{"@type":"ListItem","position":2,"name":"Politique de confidentialit\u00e9"}]},{"@type":"WebSite","@id":"https:\/\/centredesartsdestanstead.com\/#website","url":"https:\/\/centredesartsdestanstead.com\/","name":"Centre des Arts de Stanstead","description":"","potentialAction":[{"@type":"SearchAction","target":{"@type":"EntryPoint","urlTemplate":"https:\/\/centredesartsdestanstead.com\/?s={search_term_string}"},"query-input":{"@type":"PropertyValueSpecification","valueRequired":true,"valueName":"search_term_string"}}],"inLanguage":"fr-CA"}]}},"_links":{"self":[{"href":"https:\/\/centredesartsdestanstead.com\/fr\/wp-json\/wp\/v2\/pages\/1429","targetHints":{"allow":["GET"]}}],"collection":[{"href":"https:\/\/centredesartsdestanstead.com\/fr\/wp-json\/wp\/v2\/pages"}],"about":[{"href":"https:\/\/centredesartsdestanstead.com\/fr\/wp-json\/wp\/v2\/types\/page"}],"author":[{"embeddable":true,"href":"https:\/\/centredesartsdestanstead.com\/fr\/wp-json\/wp\/v2\/users\/1"}],"replies":[{"embeddable":true,"href":"https:\/\/centredesartsdestanstead.com\/fr\/wp-json\/wp\/v2\/comments?post=1429"}],"version-history":[{"count":1,"href":"https:\/\/centredesartsdestanstead.com\/fr\/wp-json\/wp\/v2\/pages\/1429\/revisions"}],"predecessor-version":[{"id":1430,"href":"https:\/\/centredesartsdestanstead.com\/fr\/wp-json\/wp\/v2\/pages\/1429\/revisions\/1430"}],"wp:attachment":[{"href":"https:\/\/centredesartsdestanstead.com\/fr\/wp-json\/wp\/v2\/media?parent=1429"}],"curies":[{"name":"wp","href":"https:\/\/api.w.org\/{rel}","templated":true}]}}